{"id":13,"date":"2024-04-05T09:17:42","date_gmt":"2024-04-05T09:17:42","guid":{"rendered":"https:\/\/gmbh-aras.de\/?page_id=13"},"modified":"2024-04-08T11:50:17","modified_gmt":"2024-04-08T11:50:17","slug":"13-2","status":"publish","type":"page","link":"https:\/\/gmbh-aras.de\/","title":{"rendered":"Homepage"},"content":{"rendered":"\t\t<div data-elementor-type=\"wp-page\" data-elementor-id=\"13\" class=\"elementor elementor-13\">\n\t\t\t\t<div class=\"elementor-element elementor-element-c27c772 e-grid e-con-full e-con e-parent\" data-id=\"c27c772\" data-element_type=\"container\" data-e-type=\"container\">\n\t\t<div class=\"elementor-element elementor-element-791cec8 e-con-full e-transform e-flex elementor-invisible e-con e-child\" data-id=\"791cec8\" data-element_type=\"container\" data-e-type=\"container\" data-settings=\"{&quot;_transform_scale_effect_hover&quot;:{&quot;unit&quot;:&quot;px&quot;,&quot;size&quot;:1.2,&quot;sizes&quot;:[]},&quot;animation&quot;:&quot;fadeInLeft&quot;,&quot;_transform_scale_effect_hover_tablet&quot;:{&quot;unit&quot;:&quot;px&quot;,&quot;size&quot;:&quot;&quot;,&quot;sizes&quot;:[]},&quot;_transform_scale_effect_hover_mobile&quot;:{&quot;unit&quot;:&quot;px&quot;,&quot;size&quot;:&quot;&quot;,&quot;sizes&quot;:[]}}\">\n\t\t\t\t<div class=\"elementor-element elementor-element-2f4c81d elementor-absolute elementor-invisible elementor-widget elementor-widget-eael-creative-button\" data-id=\"2f4c81d\" data-element_type=\"widget\" data-e-type=\"widget\" data-settings=\"{&quot;_position&quot;:&quot;absolute&quot;,&quot;_animation&quot;:&quot;fadeInLeft&quot;}\" data-widget_type=\"eael-creative-button.default\">\n\t\t\t\t<div class=\"elementor-widget-container\">\n\t\t\t\t\t        <div class=\"eael-creative-button-wrapper\">\n\n            <a class=\"eael-creative-button eael-creative-button--winona eael-cb-icon-position-\" href=\"https:\/\/www.dekaufmann.de\" data-text=\"B2B\">\n            \t    \n                <div class=\"creative-button-inner\">\n\n                    \n                    <span class=\"cretive-button-text\">dekaufmann.de<\/span>\n\n                                    <\/div>\n\t                        <\/a>\n        <\/div>\n        \t\t\t\t<\/div>\n\t\t\t\t<\/div>\n\t\t\t\t<div class=\"elementor-element elementor-element-785cb51 e-transform e-transform elementor-invisible elementor-widget elementor-widget-image\" data-id=\"785cb51\" data-element_type=\"widget\" data-e-type=\"widget\" data-settings=\"{&quot;_animation&quot;:&quot;fadeInLeft&quot;,&quot;_transform_scale_effect&quot;:{&quot;unit&quot;:&quot;px&quot;,&quot;size&quot;:2,&quot;sizes&quot;:[]},&quot;_transform_translateX_effect&quot;:{&quot;unit&quot;:&quot;px&quot;,&quot;size&quot;:300,&quot;sizes&quot;:[]},&quot;_transform_translateY_effect&quot;:{&quot;unit&quot;:&quot;vh&quot;,&quot;size&quot;:11,&quot;sizes&quot;:[]},&quot;_transform_translateY_effect_tablet&quot;:{&quot;unit&quot;:&quot;vh&quot;,&quot;size&quot;:&quot;&quot;,&quot;sizes&quot;:[]},&quot;_transform_translateY_effect_mobile&quot;:{&quot;unit&quot;:&quot;vh&quot;,&quot;size&quot;:&quot;&quot;,&quot;sizes&quot;:[]},&quot;_transform_translateX_effect_tablet&quot;:{&quot;unit&quot;:&quot;px&quot;,&quot;size&quot;:&quot;&quot;,&quot;sizes&quot;:[]},&quot;_transform_translateX_effect_mobile&quot;:{&quot;unit&quot;:&quot;px&quot;,&quot;size&quot;:&quot;&quot;,&quot;sizes&quot;:[]},&quot;_transform_scale_effect_tablet&quot;:{&quot;unit&quot;:&quot;px&quot;,&quot;size&quot;:&quot;&quot;,&quot;sizes&quot;:[]},&quot;_transform_scale_effect_mobile&quot;:{&quot;unit&quot;:&quot;px&quot;,&quot;size&quot;:&quot;&quot;,&quot;sizes&quot;:[]}}\" data-widget_type=\"image.default\">\n\t\t\t\t<div class=\"elementor-widget-container\">\n\t\t\t\t\t\t\t\t\t\t\t\t\t\t\t\t<a href=\"https:\/\/www.dekaufmann.de\">\n\t\t\t\t\t\t\t<img fetchpriority=\"high\" decoding=\"async\" width=\"1024\" height=\"616\" src=\"https:\/\/gmbh-aras.de\/wp-content\/uploads\/2024\/04\/Bildschirmfoto-2024-04-08-um-13.31.26-1024x616.png\" class=\"attachment-large size-large wp-image-126\" alt=\"dekaufmann.de - b2b\" srcset=\"https:\/\/gmbh-aras.de\/wp-content\/uploads\/2024\/04\/Bildschirmfoto-2024-04-08-um-13.31.26-1024x616.png 1024w, https:\/\/gmbh-aras.de\/wp-content\/uploads\/2024\/04\/Bildschirmfoto-2024-04-08-um-13.31.26-300x180.png 300w, https:\/\/gmbh-aras.de\/wp-content\/uploads\/2024\/04\/Bildschirmfoto-2024-04-08-um-13.31.26-768x462.png 768w, https:\/\/gmbh-aras.de\/wp-content\/uploads\/2024\/04\/Bildschirmfoto-2024-04-08-um-13.31.26-1536x923.png 1536w, https:\/\/gmbh-aras.de\/wp-content\/uploads\/2024\/04\/Bildschirmfoto-2024-04-08-um-13.31.26-2048x1231.png 2048w\" sizes=\"(max-width: 1024px) 100vw, 1024px\" \/>\t\t\t\t\t\t\t\t<\/a>\n\t\t\t\t\t\t\t\t\t\t\t\t\t\t\t<\/div>\n\t\t\t\t<\/div>\n\t\t\t\t<\/div>\n\t\t<div class=\"elementor-element elementor-element-b74c7df e-con-full e-transform e-flex elementor-invisible e-con e-child\" data-id=\"b74c7df\" data-element_type=\"container\" data-e-type=\"container\" data-settings=\"{&quot;_transform_scale_effect_hover&quot;:{&quot;unit&quot;:&quot;px&quot;,&quot;size&quot;:1.2,&quot;sizes&quot;:[]},&quot;animation&quot;:&quot;fadeInRight&quot;,&quot;_transform_scale_effect_hover_tablet&quot;:{&quot;unit&quot;:&quot;px&quot;,&quot;size&quot;:&quot;&quot;,&quot;sizes&quot;:[]},&quot;_transform_scale_effect_hover_mobile&quot;:{&quot;unit&quot;:&quot;px&quot;,&quot;size&quot;:&quot;&quot;,&quot;sizes&quot;:[]}}\">\n\t\t\t\t<div class=\"elementor-element elementor-element-965d6f6 e-transform e-transform elementor-invisible elementor-widget elementor-widget-image\" data-id=\"965d6f6\" data-element_type=\"widget\" data-e-type=\"widget\" data-settings=\"{&quot;_animation&quot;:&quot;fadeInLeft&quot;,&quot;_transform_translateX_effect&quot;:{&quot;unit&quot;:&quot;px&quot;,&quot;size&quot;:300,&quot;sizes&quot;:[]},&quot;_transform_translateY_effect&quot;:{&quot;unit&quot;:&quot;vh&quot;,&quot;size&quot;:12,&quot;sizes&quot;:[]},&quot;_transform_translateY_effect_tablet&quot;:{&quot;unit&quot;:&quot;vh&quot;,&quot;size&quot;:&quot;&quot;,&quot;sizes&quot;:[]},&quot;_transform_translateY_effect_mobile&quot;:{&quot;unit&quot;:&quot;vh&quot;,&quot;size&quot;:&quot;&quot;,&quot;sizes&quot;:[]},&quot;_transform_scaleX_effect&quot;:{&quot;unit&quot;:&quot;px&quot;,&quot;size&quot;:2,&quot;sizes&quot;:[]},&quot;_transform_scaleY_effect&quot;:{&quot;unit&quot;:&quot;px&quot;,&quot;size&quot;:2,&quot;sizes&quot;:[]},&quot;_transform_translateX_effect_tablet&quot;:{&quot;unit&quot;:&quot;px&quot;,&quot;size&quot;:&quot;&quot;,&quot;sizes&quot;:[]},&quot;_transform_translateX_effect_mobile&quot;:{&quot;unit&quot;:&quot;px&quot;,&quot;size&quot;:&quot;&quot;,&quot;sizes&quot;:[]},&quot;_transform_scaleX_effect_tablet&quot;:{&quot;unit&quot;:&quot;px&quot;,&quot;size&quot;:&quot;&quot;,&quot;sizes&quot;:[]},&quot;_transform_scaleX_effect_mobile&quot;:{&quot;unit&quot;:&quot;px&quot;,&quot;size&quot;:&quot;&quot;,&quot;sizes&quot;:[]},&quot;_transform_scaleY_effect_tablet&quot;:{&quot;unit&quot;:&quot;px&quot;,&quot;size&quot;:&quot;&quot;,&quot;sizes&quot;:[]},&quot;_transform_scaleY_effect_mobile&quot;:{&quot;unit&quot;:&quot;px&quot;,&quot;size&quot;:&quot;&quot;,&quot;sizes&quot;:[]}}\" data-widget_type=\"image.default\">\n\t\t\t\t<div class=\"elementor-widget-container\">\n\t\t\t\t\t\t\t\t\t\t\t\t\t\t\t\t<a href=\"https:\/\/www.debazar.de\">\n\t\t\t\t\t\t\t<img decoding=\"async\" width=\"3680\" height=\"2212\" src=\"https:\/\/gmbh-aras.de\/wp-content\/uploads\/2024\/04\/Bildschirmfoto-2024-04-08-um-12.38.50.png\" class=\"attachment-full size-full wp-image-121\" alt=\"\" srcset=\"https:\/\/gmbh-aras.de\/wp-content\/uploads\/2024\/04\/Bildschirmfoto-2024-04-08-um-12.38.50.png 3680w, https:\/\/gmbh-aras.de\/wp-content\/uploads\/2024\/04\/Bildschirmfoto-2024-04-08-um-12.38.50-300x180.png 300w, https:\/\/gmbh-aras.de\/wp-content\/uploads\/2024\/04\/Bildschirmfoto-2024-04-08-um-12.38.50-1024x616.png 1024w, https:\/\/gmbh-aras.de\/wp-content\/uploads\/2024\/04\/Bildschirmfoto-2024-04-08-um-12.38.50-768x462.png 768w, https:\/\/gmbh-aras.de\/wp-content\/uploads\/2024\/04\/Bildschirmfoto-2024-04-08-um-12.38.50-1536x923.png 1536w, https:\/\/gmbh-aras.de\/wp-content\/uploads\/2024\/04\/Bildschirmfoto-2024-04-08-um-12.38.50-2048x1231.png 2048w\" sizes=\"(max-width: 3680px) 100vw, 3680px\" \/>\t\t\t\t\t\t\t\t<\/a>\n\t\t\t\t\t\t\t\t\t\t\t\t\t\t\t<\/div>\n\t\t\t\t<\/div>\n\t\t\t\t<div class=\"elementor-element elementor-element-60f690c elementor-absolute elementor-invisible elementor-widget elementor-widget-eael-creative-button\" data-id=\"60f690c\" data-element_type=\"widget\" data-e-type=\"widget\" data-settings=\"{&quot;_position&quot;:&quot;absolute&quot;,&quot;_animation&quot;:&quot;fadeInLeft&quot;}\" data-widget_type=\"eael-creative-button.default\">\n\t\t\t\t<div class=\"elementor-widget-container\">\n\t\t\t\t\t        <div class=\"eael-creative-button-wrapper\">\n\n            <a class=\"eael-creative-button eael-creative-button--winona eael-cb-icon-position-\" href=\"https:\/\/www.debazar.de\" data-text=\"B2C\">\n            \t    \n                <div class=\"creative-button-inner\">\n\n                    \n                    <span class=\"cretive-button-text\">debazar.de<\/span>\n\n                                    <\/div>\n\t                        <\/a>\n        <\/div>\n        \t\t\t\t<\/div>\n\t\t\t\t<\/div>\n\t\t\t\t<\/div>\n\t\t\t\t<\/div>\n\t\t<div class=\"elementor-element elementor-element-ef7677f e-flex e-con-boxed e-con e-parent\" data-id=\"ef7677f\" data-element_type=\"container\" data-e-type=\"container\">\n\t\t\t\t\t<div class=\"e-con-inner\">\n\t\t<div class=\"elementor-element elementor-element-fae9630 e-con-full e-flex e-con e-child\" data-id=\"fae9630\" data-element_type=\"container\" data-e-type=\"container\">\n\t\t\t\t<div class=\"elementor-element elementor-element-3d32543 elementor-widget elementor-widget-heading\" data-id=\"3d32543\" data-element_type=\"widget\" data-e-type=\"widget\" data-widget_type=\"heading.default\">\n\t\t\t\t<div class=\"elementor-widget-container\">\n\t\t\t\t\t<h1 class=\"elementor-heading-title elementor-size-default\">Aras GmbH - Ihr Gro\u00dfh\u00e4ndler<\/h1>\t\t\t\t<\/div>\n\t\t\t\t<\/div>\n\t\t\t\t<div class=\"elementor-element elementor-element-53354f2 elementor-drop-cap-yes elementor-drop-cap-view-default elementor-widget elementor-widget-text-editor\" data-id=\"53354f2\" data-element_type=\"widget\" data-e-type=\"widget\" data-settings=\"{&quot;drop_cap&quot;:&quot;yes&quot;}\" data-widget_type=\"text-editor.default\">\n\t\t\t\t<div class=\"elementor-widget-container\">\n\t\t\t\t\t\t\t\t\t<p>Willkommen bei Aras GmbH &#8211; Ihrem f\u00fchrenden Gro\u00dfh\u00e4ndle f\u00fcr S\u00fc\u00dfwaren aus aller Welt mit Sitz im Herzen des Dortmunder Hafens. Wir bieten eine breite Palette an hochwertigen Produkten, von klassischen Takis Blue Heat bis hin zu S\u00fc\u00dfigkeiten aus aller Welt.<\/p><p>Entdecken Sie unsere vielf\u00e4ltige Auswahl und profitieren Sie von unserem erstklassigen Service und der langj\u00e4hrigen Erfahrung in der Branche.\u00a0<\/p>\t\t\t\t\t\t\t\t<\/div>\n\t\t\t\t<\/div>\n\t\t\t\t<\/div>\n\t\t<div class=\"elementor-element elementor-element-13ac840 e-con-full e-flex e-con e-child\" data-id=\"13ac840\" data-element_type=\"container\" data-e-type=\"container\">\n\t\t\t\t<\/div>\n\t\t<div class=\"elementor-element elementor-element-8bdd6ec e-con-full e-flex e-con e-child\" data-id=\"8bdd6ec\" data-element_type=\"container\" data-e-type=\"container\">\n\t\t\t\t<\/div>\n\t\t<div class=\"elementor-element elementor-element-c77918b e-con-full e-flex e-con e-child\" data-id=\"c77918b\" data-element_type=\"container\" data-e-type=\"container\">\n\t\t\t\t<\/div>\n\t\t\t\t\t<\/div>\n\t\t\t\t<\/div>\n\t\t<div class=\"elementor-element elementor-element-bf08e94 e-flex e-con-boxed e-con e-parent\" data-id=\"bf08e94\" data-element_type=\"container\" data-e-type=\"container\">\n\t\t\t\t\t<div class=\"e-con-inner\">\n\t\t\t\t\t<\/div>\n\t\t\t\t<\/div>\n\t\t<div class=\"elementor-element elementor-element-6eda4c9 e-flex e-con-boxed e-con e-parent\" data-id=\"6eda4c9\" data-element_type=\"container\" data-e-type=\"container\">\n\t\t\t\t\t<div class=\"e-con-inner\">\n\t\t\t\t\t<\/div>\n\t\t\t\t<\/div>\n\t\t\t\t<\/div>\n\t\t","protected":false},"excerpt":{"rendered":"<p>dekaufmann.de debazar.de Aras GmbH &#8211; Ihr Gro\u00dfh\u00e4ndler Willkommen bei Aras GmbH &#8211; Ihrem f\u00fchrenden Gro\u00dfh\u00e4ndle f\u00fcr S\u00fc\u00dfwaren aus aller Welt mit Sitz im Herzen des Dortmunder Hafens. Wir bieten eine breite Palette an hochwertigen Produkten, von klassischen Takis Blue Heat bis hin zu S\u00fc\u00dfigkeiten aus aller Welt. Entdecken Sie unsere vielf\u00e4ltige Auswahl und profitieren Sie [&hellip;]<\/p>\n","protected":false},"author":2,"featured_media":0,"parent":0,"menu_order":0,"comment_status":"closed","ping_status":"closed","template":"","meta":{"footnotes":""},"class_list":["post-13","page","type-page","status-publish","hentry"],"_links":{"self":[{"href":"https:\/\/gmbh-aras.de\/index.php\/wp-json\/wp\/v2\/pages\/13","targetHints":{"allow":["GET"]}}],"collection":[{"href":"https:\/\/gmbh-aras.de\/index.php\/wp-json\/wp\/v2\/pages"}],"about":[{"href":"https:\/\/gmbh-aras.de\/index.php\/wp-json\/wp\/v2\/types\/page"}],"author":[{"embeddable":true,"href":"https:\/\/gmbh-aras.de\/index.php\/wp-json\/wp\/v2\/users\/2"}],"replies":[{"embeddable":true,"href":"https:\/\/gmbh-aras.de\/index.php\/wp-json\/wp\/v2\/comments?post=13"}],"version-history":[{"count":123,"href":"https:\/\/gmbh-aras.de\/index.php\/wp-json\/wp\/v2\/pages\/13\/revisions"}],"predecessor-version":[{"id":157,"href":"https:\/\/gmbh-aras.de\/index.php\/wp-json\/wp\/v2\/pages\/13\/revisions\/157"}],"wp:attachment":[{"href":"https:\/\/gmbh-aras.de\/index.php\/wp-json\/wp\/v2\/media?parent=13"}],"curies":[{"name":"wp","href":"https:\/\/api.w.org\/{rel}","templated":true}]}}